{"id":526,"date":"2025-08-14T14:59:44","date_gmt":"2025-08-14T12:59:44","guid":{"rendered":"http:\/\/menu.orzo.pl\/?page_id=526"},"modified":"2026-04-03T16:15:08","modified_gmt":"2026-04-03T14:15:08","slug":"menu-jedzenie-konstytucji-pl","status":"publish","type":"page","link":"https:\/\/menu.orzo.pl\/?page_id=526","title":{"rendered":"menu jedzenie KONSTYTUCJI PL"},"content":{"rendered":"\t\t<div data-elementor-type=\"wp-page\" data-elementor-id=\"526\" class=\"elementor elementor-526\">\n\t\t\t\t<div class=\"elementor-element elementor-element-1ba2197 e-grid STICKY-BUTTONS e-con-boxed wpr-particle-no wpr-jarallax-no wpr-parallax-no wpr-sticky-section-no e-con e-parent\" data-id=\"1ba2197\" data-element_type=\"container\">\n\t\t\t\t\t<div class=\"e-con-inner\">\n\t\t\t\t<div class=\"elementor-element elementor-element-b23c3e5 elementor-widget elementor-widget-html\" data-id=\"b23c3e5\" data-element_type=\"widget\" data-widget_type=\"html.default\">\n\t\t\t\t\t<div class=\"sticky-buttons\">\n  <a href=\"#LUNCHE\">LUNCH<\/a>\n  <a href=\"#MENU-GLOWNE\">MENU G\u0141\u00d3WNE<\/a>\n  <a href=\"#sniadania\">\u015aNIADANIA<\/a><a href=\"#NAPOJE\">NAPOJE<\/a>\n<\/div>\n\n<style>\n\/* Pasek przycisk\u00f3w *\/\n.sticky-buttons {\n  position: fixed;\n  top: 0;\n  left: 0;\n  width: 100%;\n  background: white;\n  padding: 0;\n  margin: 0;\n  display: flex;\n  justify-content: center;\n  flex-wrap: nowrap; \/* trzymanie w jednej linii *\/\n  overflow-x: auto;  \/* przewijanie na ma\u0142ych ekranach *\/\n  z-index: 9999;\n}\n\n\/* Pojedyncze przyciski *\/\n.sticky-buttons a {\n  background-color: #3A6034;\n  color: white;\n  padding: 20px 120px;\n  text-decoration: none;\n  font-family: 'TAN PEARL', serif;\n  font-size: 25px;\n  text-transform: uppercase;\n  border-left: 2px solid white;\n  border-right: 2px solid white;\n  transition: background-color 0.3s ease;\n  text-align: center;\n  flex: 0 0 auto; \/* zapobiega \u015bciskaniu *\/\ntext-shadow: 2px 2px 10px black;}\n\n\/* Hover efekt *\/\n.sticky-buttons a:hover {\n  background-color: #5D814F;\n}\n\n\/* P\u0142ynne przewijanie *\/\nhtml {\n  scroll-behavior: smooth;\n}\n\n\/* Odst\u0119p od tre\u015bci *\/\nbody {\n  padding-top: 8px;\n}\n\n\/* TABLET *\/\n@media (max-width: 1024px) {\n  .sticky-buttons a {\n    padding: 15px 35px;\n    font-size: 18px;\n  }\n}\n\n\/* MOBILE *\/\n@media (max-width: 767px) {\n  .sticky-buttons a {\n    padding: 10px 9px;\n    font-size: 10px;\n}\n<\/style>\n\n\t\t\t\t<\/div>\n\t\t\t\t\t<\/div>\n\t\t\t\t<\/div>\n\t\t<div class=\"elementor-element elementor-element-eb6f7af e-grid e-con-boxed wpr-particle-no wpr-jarallax-no wpr-parallax-no wpr-sticky-section-no e-con e-parent\" data-id=\"eb6f7af\" data-element_type=\"container\">\n\t\t\t\t\t<div class=\"e-con-inner\">\n\t\t\t\t<div class=\"elementor-element elementor-element-9c70f43 elementor-widget elementor-widget-image\" data-id=\"9c70f43\" data-element_type=\"widget\" id=\"LUNCHE\" data-widget_type=\"image.default\">\n\t\t\t\t\t\t\t\t\t\t\t\t\t\t\t<img fetchpriority=\"high\" decoding=\"async\" width=\"855\" height=\"1350\" src=\"https:\/\/menu.orzo.pl\/wp-content\/uploads\/2026\/03\/62-1.png\" class=\"attachment-1536x1536 size-1536x1536 wp-image-2746\" alt=\"\" srcset=\"https:\/\/menu.orzo.pl\/wp-content\/uploads\/2026\/03\/62-1.png 855w, https:\/\/menu.orzo.pl\/wp-content\/uploads\/2026\/03\/62-1-190x300.png 190w, https:\/\/menu.orzo.pl\/wp-content\/uploads\/2026\/03\/62-1-649x1024.png 649w, https:\/\/menu.orzo.pl\/wp-content\/uploads\/2026\/03\/62-1-768x1213.png 768w\" sizes=\"(max-width: 855px) 100vw, 855px\" \/>\t\t\t\t\t\t\t\t\t\t\t\t\t\t\t<\/div>\n\t\t\t\t<div class=\"elementor-element elementor-element-bbb20ca elementor-widget elementor-widget-image\" data-id=\"bbb20ca\" data-element_type=\"widget\" data-widget_type=\"image.default\">\n\t\t\t\t\t\t\t\t\t\t\t\t\t\t\t<img decoding=\"async\" width=\"855\" height=\"1350\" src=\"https:\/\/menu.orzo.pl\/wp-content\/uploads\/2026\/03\/plansza-pod-QR.png\" class=\"attachment-1536x1536 size-1536x1536 wp-image-2809\" alt=\"\" srcset=\"https:\/\/menu.orzo.pl\/wp-content\/uploads\/2026\/03\/plansza-pod-QR.png 855w, https:\/\/menu.orzo.pl\/wp-content\/uploads\/2026\/03\/plansza-pod-QR-190x300.png 190w, https:\/\/menu.orzo.pl\/wp-content\/uploads\/2026\/03\/plansza-pod-QR-649x1024.png 649w, https:\/\/menu.orzo.pl\/wp-content\/uploads\/2026\/03\/plansza-pod-QR-768x1213.png 768w\" sizes=\"(max-width: 855px) 100vw, 855px\" \/>\t\t\t\t\t\t\t\t\t\t\t\t\t\t\t<\/div>\n\t\t\t\t<div class=\"elementor-element elementor-element-6653488 elementor-widget elementor-widget-image\" data-id=\"6653488\" data-element_type=\"widget\" data-widget_type=\"image.default\">\n\t\t\t\t\t\t\t\t\t\t\t\t\t\t\t<img decoding=\"async\" width=\"855\" height=\"1350\" src=\"https:\/\/menu.orzo.pl\/wp-content\/uploads\/2026\/03\/33.png\" class=\"attachment-1536x1536 size-1536x1536 wp-image-2477\" alt=\"\" srcset=\"https:\/\/menu.orzo.pl\/wp-content\/uploads\/2026\/03\/33.png 855w, https:\/\/menu.orzo.pl\/wp-content\/uploads\/2026\/03\/33-190x300.png 190w, https:\/\/menu.orzo.pl\/wp-content\/uploads\/2026\/03\/33-649x1024.png 649w, https:\/\/menu.orzo.pl\/wp-content\/uploads\/2026\/03\/33-768x1213.png 768w\" sizes=\"(max-width: 855px) 100vw, 855px\" \/>\t\t\t\t\t\t\t\t\t\t\t\t\t\t\t<\/div>\n\t\t\t\t<div class=\"elementor-element elementor-element-794ee3f elementor-widget elementor-widget-image\" data-id=\"794ee3f\" data-element_type=\"widget\" data-widget_type=\"image.default\">\n\t\t\t\t\t\t\t\t\t\t\t\t\t\t\t<img loading=\"lazy\" decoding=\"async\" width=\"855\" height=\"1350\" src=\"https:\/\/menu.orzo.pl\/wp-content\/uploads\/2026\/03\/35.png\" class=\"attachment-1536x1536 size-1536x1536 wp-image-2479\" alt=\"\" srcset=\"https:\/\/menu.orzo.pl\/wp-content\/uploads\/2026\/03\/35.png 855w, https:\/\/menu.orzo.pl\/wp-content\/uploads\/2026\/03\/35-190x300.png 190w, https:\/\/menu.orzo.pl\/wp-content\/uploads\/2026\/03\/35-649x1024.png 649w, https:\/\/menu.orzo.pl\/wp-content\/uploads\/2026\/03\/35-768x1213.png 768w\" sizes=\"(max-width: 855px) 100vw, 855px\" \/>\t\t\t\t\t\t\t\t\t\t\t\t\t\t\t<\/div>\n\t\t\t\t<div class=\"elementor-element elementor-element-8118c39 elementor-widget elementor-widget-image\" data-id=\"8118c39\" data-element_type=\"widget\" data-widget_type=\"image.default\">\n\t\t\t\t\t\t\t\t\t\t\t\t\t\t\t<img loading=\"lazy\" decoding=\"async\" width=\"855\" height=\"1350\" src=\"https:\/\/menu.orzo.pl\/wp-content\/uploads\/2026\/03\/37.png\" class=\"attachment-1536x1536 size-1536x1536 wp-image-2481\" alt=\"\" srcset=\"https:\/\/menu.orzo.pl\/wp-content\/uploads\/2026\/03\/37.png 855w, https:\/\/menu.orzo.pl\/wp-content\/uploads\/2026\/03\/37-190x300.png 190w, https:\/\/menu.orzo.pl\/wp-content\/uploads\/2026\/03\/37-649x1024.png 649w, https:\/\/menu.orzo.pl\/wp-content\/uploads\/2026\/03\/37-768x1213.png 768w\" sizes=\"(max-width: 855px) 100vw, 855px\" \/>\t\t\t\t\t\t\t\t\t\t\t\t\t\t\t<\/div>\n\t\t\t\t<div class=\"elementor-element elementor-element-ad65e2b elementor-widget elementor-widget-image\" data-id=\"ad65e2b\" data-element_type=\"widget\" data-widget_type=\"image.default\">\n\t\t\t\t\t\t\t\t\t\t\t\t\t\t\t<img loading=\"lazy\" decoding=\"async\" width=\"855\" height=\"1350\" src=\"https:\/\/menu.orzo.pl\/wp-content\/uploads\/2026\/03\/39.png\" class=\"attachment-1536x1536 size-1536x1536 wp-image-2483\" alt=\"\" srcset=\"https:\/\/menu.orzo.pl\/wp-content\/uploads\/2026\/03\/39.png 855w, https:\/\/menu.orzo.pl\/wp-content\/uploads\/2026\/03\/39-190x300.png 190w, https:\/\/menu.orzo.pl\/wp-content\/uploads\/2026\/03\/39-649x1024.png 649w, https:\/\/menu.orzo.pl\/wp-content\/uploads\/2026\/03\/39-768x1213.png 768w\" sizes=\"(max-width: 855px) 100vw, 855px\" \/>\t\t\t\t\t\t\t\t\t\t\t\t\t\t\t<\/div>\n\t\t\t\t<div class=\"elementor-element elementor-element-9e86383 elementor-widget elementor-widget-image\" data-id=\"9e86383\" data-element_type=\"widget\" id=\"MENU-GLOWNE\" data-widget_type=\"image.default\">\n\t\t\t\t\t\t\t\t\t\t\t\t\t\t\t<img loading=\"lazy\" decoding=\"async\" width=\"855\" height=\"1350\" src=\"https:\/\/menu.orzo.pl\/wp-content\/uploads\/2026\/03\/41.png\" class=\"attachment-1536x1536 size-1536x1536 wp-image-2485\" alt=\"\" srcset=\"https:\/\/menu.orzo.pl\/wp-content\/uploads\/2026\/03\/41.png 855w, https:\/\/menu.orzo.pl\/wp-content\/uploads\/2026\/03\/41-190x300.png 190w, https:\/\/menu.orzo.pl\/wp-content\/uploads\/2026\/03\/41-649x1024.png 649w, https:\/\/menu.orzo.pl\/wp-content\/uploads\/2026\/03\/41-768x1213.png 768w\" sizes=\"(max-width: 855px) 100vw, 855px\" \/>\t\t\t\t\t\t\t\t\t\t\t\t\t\t\t<\/div>\n\t\t\t\t<div class=\"elementor-element elementor-element-3729736 elementor-widget elementor-widget-image\" data-id=\"3729736\" data-element_type=\"widget\" data-widget_type=\"image.default\">\n\t\t\t\t\t\t\t\t\t\t\t\t\t\t\t<img loading=\"lazy\" decoding=\"async\" width=\"855\" height=\"1350\" src=\"https:\/\/menu.orzo.pl\/wp-content\/uploads\/2026\/03\/43-1.png\" class=\"attachment-1536x1536 size-1536x1536 wp-image-2606\" alt=\"\" srcset=\"https:\/\/menu.orzo.pl\/wp-content\/uploads\/2026\/03\/43-1.png 855w, https:\/\/menu.orzo.pl\/wp-content\/uploads\/2026\/03\/43-1-190x300.png 190w, https:\/\/menu.orzo.pl\/wp-content\/uploads\/2026\/03\/43-1-649x1024.png 649w, https:\/\/menu.orzo.pl\/wp-content\/uploads\/2026\/03\/43-1-768x1213.png 768w\" sizes=\"(max-width: 855px) 100vw, 855px\" \/>\t\t\t\t\t\t\t\t\t\t\t\t\t\t\t<\/div>\n\t\t\t\t<div class=\"elementor-element elementor-element-1520053 elementor-widget elementor-widget-image\" data-id=\"1520053\" data-element_type=\"widget\" data-widget_type=\"image.default\">\n\t\t\t\t\t\t\t\t\t\t\t\t\t\t\t<img loading=\"lazy\" decoding=\"async\" width=\"855\" height=\"1350\" src=\"https:\/\/menu.orzo.pl\/wp-content\/uploads\/2026\/03\/45-1.png\" class=\"attachment-1536x1536 size-1536x1536 wp-image-2489\" alt=\"\" srcset=\"https:\/\/menu.orzo.pl\/wp-content\/uploads\/2026\/03\/45-1.png 855w, https:\/\/menu.orzo.pl\/wp-content\/uploads\/2026\/03\/45-1-190x300.png 190w, https:\/\/menu.orzo.pl\/wp-content\/uploads\/2026\/03\/45-1-649x1024.png 649w, https:\/\/menu.orzo.pl\/wp-content\/uploads\/2026\/03\/45-1-768x1213.png 768w\" sizes=\"(max-width: 855px) 100vw, 855px\" \/>\t\t\t\t\t\t\t\t\t\t\t\t\t\t\t<\/div>\n\t\t\t\t<div class=\"elementor-element elementor-element-6ddf38f elementor-widget elementor-widget-image\" data-id=\"6ddf38f\" data-element_type=\"widget\" data-widget_type=\"image.default\">\n\t\t\t\t\t\t\t\t\t\t\t\t\t\t\t<img loading=\"lazy\" decoding=\"async\" width=\"855\" height=\"1350\" src=\"https:\/\/menu.orzo.pl\/wp-content\/uploads\/2026\/03\/47.png\" class=\"attachment-1536x1536 size-1536x1536 wp-image-2491\" alt=\"\" srcset=\"https:\/\/menu.orzo.pl\/wp-content\/uploads\/2026\/03\/47.png 855w, https:\/\/menu.orzo.pl\/wp-content\/uploads\/2026\/03\/47-190x300.png 190w, https:\/\/menu.orzo.pl\/wp-content\/uploads\/2026\/03\/47-649x1024.png 649w, https:\/\/menu.orzo.pl\/wp-content\/uploads\/2026\/03\/47-768x1213.png 768w\" sizes=\"(max-width: 855px) 100vw, 855px\" \/>\t\t\t\t\t\t\t\t\t\t\t\t\t\t\t<\/div>\n\t\t\t\t<div class=\"elementor-element elementor-element-02b8fc1 elementor-widget elementor-widget-image\" data-id=\"02b8fc1\" data-element_type=\"widget\" data-widget_type=\"image.default\">\n\t\t\t\t\t\t\t\t\t\t\t\t\t\t\t<img loading=\"lazy\" decoding=\"async\" width=\"855\" height=\"1350\" src=\"https:\/\/menu.orzo.pl\/wp-content\/uploads\/2026\/03\/49.png\" class=\"attachment-1536x1536 size-1536x1536 wp-image-2493\" alt=\"\" srcset=\"https:\/\/menu.orzo.pl\/wp-content\/uploads\/2026\/03\/49.png 855w, https:\/\/menu.orzo.pl\/wp-content\/uploads\/2026\/03\/49-190x300.png 190w, https:\/\/menu.orzo.pl\/wp-content\/uploads\/2026\/03\/49-649x1024.png 649w, https:\/\/menu.orzo.pl\/wp-content\/uploads\/2026\/03\/49-768x1213.png 768w\" sizes=\"(max-width: 855px) 100vw, 855px\" \/>\t\t\t\t\t\t\t\t\t\t\t\t\t\t\t<\/div>\n\t\t\t\t<div class=\"elementor-element elementor-element-1ace857 elementor-widget elementor-widget-image\" data-id=\"1ace857\" data-element_type=\"widget\" data-widget_type=\"image.default\">\n\t\t\t\t\t\t\t\t\t\t\t\t\t\t\t<img loading=\"lazy\" decoding=\"async\" width=\"855\" height=\"1350\" src=\"https:\/\/menu.orzo.pl\/wp-content\/uploads\/2026\/03\/51.png\" class=\"attachment-1536x1536 size-1536x1536 wp-image-2495\" alt=\"\" srcset=\"https:\/\/menu.orzo.pl\/wp-content\/uploads\/2026\/03\/51.png 855w, https:\/\/menu.orzo.pl\/wp-content\/uploads\/2026\/03\/51-190x300.png 190w, https:\/\/menu.orzo.pl\/wp-content\/uploads\/2026\/03\/51-649x1024.png 649w, https:\/\/menu.orzo.pl\/wp-content\/uploads\/2026\/03\/51-768x1213.png 768w\" sizes=\"(max-width: 855px) 100vw, 855px\" \/>\t\t\t\t\t\t\t\t\t\t\t\t\t\t\t<\/div>\n\t\t\t\t<div class=\"elementor-element elementor-element-4e07e0c elementor-widget elementor-widget-image\" data-id=\"4e07e0c\" data-element_type=\"widget\" id=\"sniadania\" data-widget_type=\"image.default\">\n\t\t\t\t\t\t\t\t\t\t\t\t\t\t\t<img loading=\"lazy\" decoding=\"async\" width=\"855\" height=\"1350\" src=\"https:\/\/menu.orzo.pl\/wp-content\/uploads\/2026\/03\/55.png\" class=\"attachment-1536x1536 size-1536x1536 wp-image-2562\" alt=\"\" srcset=\"https:\/\/menu.orzo.pl\/wp-content\/uploads\/2026\/03\/55.png 855w, https:\/\/menu.orzo.pl\/wp-content\/uploads\/2026\/03\/55-190x300.png 190w, https:\/\/menu.orzo.pl\/wp-content\/uploads\/2026\/03\/55-649x1024.png 649w, https:\/\/menu.orzo.pl\/wp-content\/uploads\/2026\/03\/55-768x1213.png 768w\" sizes=\"(max-width: 855px) 100vw, 855px\" \/>\t\t\t\t\t\t\t\t\t\t\t\t\t\t\t<\/div>\n\t\t\t\t<div class=\"elementor-element elementor-element-8f77d08 elementor-widget elementor-widget-image\" data-id=\"8f77d08\" data-element_type=\"widget\" data-widget_type=\"image.default\">\n\t\t\t\t\t\t\t\t\t\t\t\t\t\t\t<img loading=\"lazy\" decoding=\"async\" width=\"855\" height=\"1350\" src=\"https:\/\/menu.orzo.pl\/wp-content\/uploads\/2026\/01\/26.png\" class=\"attachment-1536x1536 size-1536x1536 wp-image-1765\" alt=\"\" srcset=\"https:\/\/menu.orzo.pl\/wp-content\/uploads\/2026\/01\/26.png 855w, https:\/\/menu.orzo.pl\/wp-content\/uploads\/2026\/01\/26-190x300.png 190w, https:\/\/menu.orzo.pl\/wp-content\/uploads\/2026\/01\/26-649x1024.png 649w, https:\/\/menu.orzo.pl\/wp-content\/uploads\/2026\/01\/26-768x1213.png 768w\" sizes=\"(max-width: 855px) 100vw, 855px\" \/>\t\t\t\t\t\t\t\t\t\t\t\t\t\t\t<\/div>\n\t\t\t\t<div class=\"elementor-element elementor-element-bc4abfe elementor-widget elementor-widget-image\" data-id=\"bc4abfe\" data-element_type=\"widget\" data-widget_type=\"image.default\">\n\t\t\t\t\t\t\t\t\t\t\t\t\t\t\t<img loading=\"lazy\" decoding=\"async\" width=\"855\" height=\"1350\" src=\"https:\/\/menu.orzo.pl\/wp-content\/uploads\/2026\/02\/25.png\" class=\"attachment-1536x1536 size-1536x1536 wp-image-2387\" alt=\"\" srcset=\"https:\/\/menu.orzo.pl\/wp-content\/uploads\/2026\/02\/25.png 855w, https:\/\/menu.orzo.pl\/wp-content\/uploads\/2026\/02\/25-190x300.png 190w, https:\/\/menu.orzo.pl\/wp-content\/uploads\/2026\/02\/25-649x1024.png 649w, https:\/\/menu.orzo.pl\/wp-content\/uploads\/2026\/02\/25-768x1213.png 768w\" sizes=\"(max-width: 855px) 100vw, 855px\" \/>\t\t\t\t\t\t\t\t\t\t\t\t\t\t\t<\/div>\n\t\t<div class=\"elementor-element elementor-element-9fb74fd e-con-full e-flex wpr-particle-no wpr-jarallax-no wpr-parallax-no wpr-sticky-section-no e-con e-child\" data-id=\"9fb74fd\" data-element_type=\"container\">\n\t\t\t\t<div class=\"elementor-element elementor-element-a719f81 elementor-widget elementor-widget-image\" data-id=\"a719f81\" data-element_type=\"widget\" data-widget_type=\"image.default\">\n\t\t\t\t\t\t\t\t\t\t\t\t\t\t\t<img loading=\"lazy\" decoding=\"async\" width=\"649\" height=\"1024\" src=\"https:\/\/menu.orzo.pl\/wp-content\/uploads\/2026\/03\/58-649x1024.png\" class=\"attachment-large size-large wp-image-2641\" alt=\"\" srcset=\"https:\/\/menu.orzo.pl\/wp-content\/uploads\/2026\/03\/58-649x1024.png 649w, https:\/\/menu.orzo.pl\/wp-content\/uploads\/2026\/03\/58-190x300.png 190w, https:\/\/menu.orzo.pl\/wp-content\/uploads\/2026\/03\/58-768x1213.png 768w, https:\/\/menu.orzo.pl\/wp-content\/uploads\/2026\/03\/58.png 855w\" sizes=\"(max-width: 649px) 100vw, 649px\" \/>\t\t\t\t\t\t\t\t\t\t\t\t\t\t\t<\/div>\n\t\t\t\t<\/div>\n\t\t\t\t<div class=\"elementor-element elementor-element-33464f5 elementor-widget elementor-widget-image\" data-id=\"33464f5\" data-element_type=\"widget\" id=\"NAPOJE\" data-widget_type=\"image.default\">\n\t\t\t\t\t\t\t\t\t\t\t\t\t\t\t<img loading=\"lazy\" decoding=\"async\" width=\"855\" height=\"1350\" src=\"https:\/\/menu.orzo.pl\/wp-content\/uploads\/2026\/03\/18-1.png\" class=\"attachment-1536x1536 size-1536x1536 wp-image-2639\" alt=\"\" srcset=\"https:\/\/menu.orzo.pl\/wp-content\/uploads\/2026\/03\/18-1.png 855w, https:\/\/menu.orzo.pl\/wp-content\/uploads\/2026\/03\/18-1-190x300.png 190w, https:\/\/menu.orzo.pl\/wp-content\/uploads\/2026\/03\/18-1-649x1024.png 649w, https:\/\/menu.orzo.pl\/wp-content\/uploads\/2026\/03\/18-1-768x1213.png 768w\" sizes=\"(max-width: 855px) 100vw, 855px\" \/>\t\t\t\t\t\t\t\t\t\t\t\t\t\t\t<\/div>\n\t\t\t\t<div class=\"elementor-element elementor-element-b7181b0 elementor-widget elementor-widget-image\" data-id=\"b7181b0\" data-element_type=\"widget\" data-widget_type=\"image.default\">\n\t\t\t\t\t\t\t\t\t\t\t\t\t\t\t<img loading=\"lazy\" decoding=\"async\" width=\"649\" height=\"1024\" src=\"https:\/\/menu.orzo.pl\/wp-content\/uploads\/2026\/03\/17-1-649x1024.png\" class=\"attachment-large size-large wp-image-2638\" alt=\"\" srcset=\"https:\/\/menu.orzo.pl\/wp-content\/uploads\/2026\/03\/17-1-649x1024.png 649w, https:\/\/menu.orzo.pl\/wp-content\/uploads\/2026\/03\/17-1-190x300.png 190w, https:\/\/menu.orzo.pl\/wp-content\/uploads\/2026\/03\/17-1-768x1213.png 768w, https:\/\/menu.orzo.pl\/wp-content\/uploads\/2026\/03\/17-1.png 855w\" sizes=\"(max-width: 649px) 100vw, 649px\" \/>\t\t\t\t\t\t\t\t\t\t\t\t\t\t\t<\/div>\n\t\t\t\t\t<\/div>\n\t\t\t\t<\/div>\n\t\t\t\t<\/div>\n\t\t","protected":false},"excerpt":{"rendered":"<p>LUNCH MENU G\u0141\u00d3WNE \u015aNIADANIANAPOJE<\/p>\n","protected":false},"author":1,"featured_media":0,"parent":0,"menu_order":0,"comment_status":"closed","ping_status":"closed","template":"","meta":{"footnotes":""},"class_list":["post-526","page","type-page","status-publish","hentry"],"yoast_head":"<!-- This site is optimized with the Yoast SEO plugin v25.6 - https:\/\/yoast.com\/wordpress\/plugins\/seo\/ -->\n<title>menu jedzenie KONSTYTUCJI PL -<\/title>\n<meta name=\"robots\" content=\"index, follow, max-snippet:-1, max-image-preview:large, max-video-preview:-1\" \/>\n<link rel=\"canonical\" href=\"https:\/\/menu.orzo.pl\/?page_id=526\" \/>\n<meta property=\"og:locale\" content=\"pl_PL\" \/>\n<meta property=\"og:type\" content=\"article\" \/>\n<meta property=\"og:title\" content=\"menu jedzenie KONSTYTUCJI PL -\" \/>\n<meta property=\"og:description\" content=\"LUNCH MENU G\u0141\u00d3WNE \u015aNIADANIANAPOJE\" \/>\n<meta property=\"og:url\" content=\"https:\/\/menu.orzo.pl\/?page_id=526\" \/>\n<meta property=\"article:modified_time\" content=\"2026-04-03T14:15:08+00:00\" \/>\n<meta property=\"og:image\" content=\"https:\/\/menu.orzo.pl\/wp-content\/uploads\/2026\/03\/62-1.png\" \/>\n\t<meta property=\"og:image:width\" content=\"855\" \/>\n\t<meta property=\"og:image:height\" content=\"1350\" \/>\n\t<meta property=\"og:image:type\" content=\"image\/png\" \/>\n<meta name=\"twitter:card\" content=\"summary_large_image\" \/>\n<meta name=\"twitter:label1\" content=\"Szacowany czas czytania\" \/>\n\t<meta name=\"twitter:data1\" content=\"1 minuta\" \/>\n<script type=\"application\/ld+json\" class=\"yoast-schema-graph\">{\"@context\":\"https:\/\/schema.org\",\"@graph\":[{\"@type\":\"WebPage\",\"@id\":\"https:\/\/menu.orzo.pl\/?page_id=526\",\"url\":\"https:\/\/menu.orzo.pl\/?page_id=526\",\"name\":\"menu jedzenie KONSTYTUCJI PL -\",\"isPartOf\":{\"@id\":\"https:\/\/menu.orzo.pl\/#website\"},\"primaryImageOfPage\":{\"@id\":\"https:\/\/menu.orzo.pl\/?page_id=526#primaryimage\"},\"image\":{\"@id\":\"https:\/\/menu.orzo.pl\/?page_id=526#primaryimage\"},\"thumbnailUrl\":\"https:\/\/menu.orzo.pl\/wp-content\/uploads\/2026\/03\/62-1.png\",\"datePublished\":\"2025-08-14T12:59:44+00:00\",\"dateModified\":\"2026-04-03T14:15:08+00:00\",\"breadcrumb\":{\"@id\":\"https:\/\/menu.orzo.pl\/?page_id=526#breadcrumb\"},\"inLanguage\":\"pl-PL\",\"potentialAction\":[{\"@type\":\"ReadAction\",\"target\":[\"https:\/\/menu.orzo.pl\/?page_id=526\"]}]},{\"@type\":\"ImageObject\",\"inLanguage\":\"pl-PL\",\"@id\":\"https:\/\/menu.orzo.pl\/?page_id=526#primaryimage\",\"url\":\"https:\/\/menu.orzo.pl\/wp-content\/uploads\/2026\/03\/62-1.png\",\"contentUrl\":\"https:\/\/menu.orzo.pl\/wp-content\/uploads\/2026\/03\/62-1.png\",\"width\":855,\"height\":1350},{\"@type\":\"BreadcrumbList\",\"@id\":\"https:\/\/menu.orzo.pl\/?page_id=526#breadcrumb\",\"itemListElement\":[{\"@type\":\"ListItem\",\"position\":1,\"name\":\"Home\",\"item\":\"https:\/\/menu.orzo.pl\/\"},{\"@type\":\"ListItem\",\"position\":2,\"name\":\"menu jedzenie KONSTYTUCJI PL\"}]},{\"@type\":\"WebSite\",\"@id\":\"https:\/\/menu.orzo.pl\/#website\",\"url\":\"https:\/\/menu.orzo.pl\/\",\"name\":\"\",\"description\":\"\",\"potentialAction\":[{\"@type\":\"SearchAction\",\"target\":{\"@type\":\"EntryPoint\",\"urlTemplate\":\"https:\/\/menu.orzo.pl\/?s={search_term_string}\"},\"query-input\":{\"@type\":\"PropertyValueSpecification\",\"valueRequired\":true,\"valueName\":\"search_term_string\"}}],\"inLanguage\":\"pl-PL\"}]}<\/script>\n<!-- \/ Yoast SEO plugin. -->","yoast_head_json":{"title":"menu jedzenie KONSTYTUCJI PL -","robots":{"index":"index","follow":"follow","max-snippet":"max-snippet:-1","max-image-preview":"max-image-preview:large","max-video-preview":"max-video-preview:-1"},"canonical":"https:\/\/menu.orzo.pl\/?page_id=526","og_locale":"pl_PL","og_type":"article","og_title":"menu jedzenie KONSTYTUCJI PL -","og_description":"LUNCH MENU G\u0141\u00d3WNE \u015aNIADANIANAPOJE","og_url":"https:\/\/menu.orzo.pl\/?page_id=526","article_modified_time":"2026-04-03T14:15:08+00:00","og_image":[{"width":855,"height":1350,"url":"https:\/\/menu.orzo.pl\/wp-content\/uploads\/2026\/03\/62-1.png","type":"image\/png"}],"twitter_card":"summary_large_image","twitter_misc":{"Szacowany czas czytania":"1 minuta"},"schema":{"@context":"https:\/\/schema.org","@graph":[{"@type":"WebPage","@id":"https:\/\/menu.orzo.pl\/?page_id=526","url":"https:\/\/menu.orzo.pl\/?page_id=526","name":"menu jedzenie KONSTYTUCJI PL -","isPartOf":{"@id":"https:\/\/menu.orzo.pl\/#website"},"primaryImageOfPage":{"@id":"https:\/\/menu.orzo.pl\/?page_id=526#primaryimage"},"image":{"@id":"https:\/\/menu.orzo.pl\/?page_id=526#primaryimage"},"thumbnailUrl":"https:\/\/menu.orzo.pl\/wp-content\/uploads\/2026\/03\/62-1.png","datePublished":"2025-08-14T12:59:44+00:00","dateModified":"2026-04-03T14:15:08+00:00","breadcrumb":{"@id":"https:\/\/menu.orzo.pl\/?page_id=526#breadcrumb"},"inLanguage":"pl-PL","potentialAction":[{"@type":"ReadAction","target":["https:\/\/menu.orzo.pl\/?page_id=526"]}]},{"@type":"ImageObject","inLanguage":"pl-PL","@id":"https:\/\/menu.orzo.pl\/?page_id=526#primaryimage","url":"https:\/\/menu.orzo.pl\/wp-content\/uploads\/2026\/03\/62-1.png","contentUrl":"https:\/\/menu.orzo.pl\/wp-content\/uploads\/2026\/03\/62-1.png","width":855,"height":1350},{"@type":"BreadcrumbList","@id":"https:\/\/menu.orzo.pl\/?page_id=526#breadcrumb","itemListElement":[{"@type":"ListItem","position":1,"name":"Home","item":"https:\/\/menu.orzo.pl\/"},{"@type":"ListItem","position":2,"name":"menu jedzenie KONSTYTUCJI PL"}]},{"@type":"WebSite","@id":"https:\/\/menu.orzo.pl\/#website","url":"https:\/\/menu.orzo.pl\/","name":"","description":"","potentialAction":[{"@type":"SearchAction","target":{"@type":"EntryPoint","urlTemplate":"https:\/\/menu.orzo.pl\/?s={search_term_string}"},"query-input":{"@type":"PropertyValueSpecification","valueRequired":true,"valueName":"search_term_string"}}],"inLanguage":"pl-PL"}]}},"_links":{"self":[{"href":"https:\/\/menu.orzo.pl\/index.php?rest_route=\/wp\/v2\/pages\/526","targetHints":{"allow":["GET"]}}],"collection":[{"href":"https:\/\/menu.orzo.pl\/index.php?rest_route=\/wp\/v2\/pages"}],"about":[{"href":"https:\/\/menu.orzo.pl\/index.php?rest_route=\/wp\/v2\/types\/page"}],"author":[{"embeddable":true,"href":"https:\/\/menu.orzo.pl\/index.php?rest_route=\/wp\/v2\/users\/1"}],"replies":[{"embeddable":true,"href":"https:\/\/menu.orzo.pl\/index.php?rest_route=%2Fwp%2Fv2%2Fcomments&post=526"}],"version-history":[{"count":220,"href":"https:\/\/menu.orzo.pl\/index.php?rest_route=\/wp\/v2\/pages\/526\/revisions"}],"predecessor-version":[{"id":2932,"href":"https:\/\/menu.orzo.pl\/index.php?rest_route=\/wp\/v2\/pages\/526\/revisions\/2932"}],"wp:attachment":[{"href":"https:\/\/menu.orzo.pl\/index.php?rest_route=%2Fwp%2Fv2%2Fmedia&parent=526"}],"curies":[{"name":"wp","href":"https:\/\/api.w.org\/{rel}","templated":true}]}}