{"id":177,"date":"2025-07-26T16:34:23","date_gmt":"2025-07-26T14:34:23","guid":{"rendered":"http:\/\/menu.orzo.pl\/?page_id=177"},"modified":"2026-04-03T16:21:48","modified_gmt":"2026-04-03T14:21:48","slug":"orzo-koneser-wer-wieku-pl","status":"publish","type":"page","link":"https:\/\/menu.orzo.pl\/?page_id=177","title":{"rendered":"ORZO KONESER WER WIEKU PL"},"content":{"rendered":"\t\t<div data-elementor-type=\"wp-page\" data-elementor-id=\"177\" class=\"elementor elementor-177\">\n\t\t\t\t<div class=\"elementor-element elementor-element-33c0247 e-flex e-con-boxed wpr-particle-no wpr-jarallax-no wpr-parallax-no wpr-sticky-section-no e-con e-parent\" data-id=\"33c0247\" data-element_type=\"container\">\n\t\t\t\t\t<div class=\"e-con-inner\">\n\t\t\t\t<div class=\"elementor-element elementor-element-78d5db6 elementor-widget elementor-widget-spacer\" data-id=\"78d5db6\" data-element_type=\"widget\" data-widget_type=\"spacer.default\">\n\t\t\t\t\t\t\t<div class=\"elementor-spacer\">\n\t\t\t<div class=\"elementor-spacer-inner\"><\/div>\n\t\t<\/div>\n\t\t\t\t\t\t<\/div>\n\t\t\t\t<div class=\"elementor-element elementor-element-3527029 elementor-widget elementor-widget-heading\" data-id=\"3527029\" data-element_type=\"widget\" data-widget_type=\"heading.default\">\n\t\t\t\t\t<h2 class=\"elementor-heading-title elementor-size-default\">ORZO<\/h2>\t\t\t\t<\/div>\n\t\t\t\t<div class=\"elementor-element elementor-element-c0e9d35 elementor-widget elementor-widget-spacer\" data-id=\"c0e9d35\" data-element_type=\"widget\" data-widget_type=\"spacer.default\">\n\t\t\t\t\t\t\t<div class=\"elementor-spacer\">\n\t\t\t<div class=\"elementor-spacer-inner\"><\/div>\n\t\t<\/div>\n\t\t\t\t\t\t<\/div>\n\t\t\t\t<div class=\"elementor-element elementor-element-574f40e elementor-widget elementor-widget-text-editor\" data-id=\"574f40e\" data-element_type=\"widget\" data-widget_type=\"text-editor.default\">\n\t\t\t\t\t\t\t\t\t<p>PRZECHODZISZ DO MENU<br data-start=\"64\" data-end=\"67\" \/>ZAWIERAJ\u0104CEGO PRODUKTY<br data-start=\"89\" data-end=\"92\" \/>DOST\u0118PNE DLA OS\u00d3B<br data-start=\"109\" data-end=\"112\" \/>PE\u0141NOLETNICH.<\/p><p>POTWIERD\u0179, \u017bE MASZ 18 LAT:<\/p>\t\t\t\t\t\t\t\t<\/div>\n\t\t\t\t\t<\/div>\n\t\t\t\t<\/div>\n\t\t<div class=\"elementor-element elementor-element-2998403b e-flex e-con-boxed wpr-particle-no wpr-jarallax-no wpr-parallax-no wpr-sticky-section-no e-con e-parent\" data-id=\"2998403b\" data-element_type=\"container\">\n\t\t\t\t\t<div class=\"e-con-inner\">\n\t\t\t\t<div class=\"elementor-element elementor-element-d99a6cf elementor-align-center elementor-widget__width-initial elementor-widget elementor-widget-button\" data-id=\"d99a6cf\" data-element_type=\"widget\" data-widget_type=\"button.default\">\n\t\t\t\t\t\t\t\t\t\t<a class=\"elementor-button elementor-button-link elementor-size-sm\" href=\"http:\/\/menu.orzo.pl\/?page_id=308\">\n\t\t\t\t\t\t<span class=\"elementor-button-content-wrapper\">\n\t\t\t\t\t\t\t\t\t<span class=\"elementor-button-text\">TAK<\/span>\n\t\t\t\t\t<\/span>\n\t\t\t\t\t<\/a>\n\t\t\t\t\t\t\t\t<\/div>\n\t\t\t\t<div class=\"elementor-element elementor-element-1d9936f elementor-align-center elementor-widget__width-initial elementor-widget elementor-widget-button\" data-id=\"1d9936f\" data-element_type=\"widget\" data-widget_type=\"button.default\">\n\t\t\t\t\t\t\t\t\t\t<a class=\"elementor-button elementor-button-link elementor-size-sm\" href=\"http:\/\/menu.orzo.pl\/?page_id=500\">\n\t\t\t\t\t\t<span class=\"elementor-button-content-wrapper\">\n\t\t\t\t\t\t\t\t\t<span class=\"elementor-button-text\">NIE<\/span>\n\t\t\t\t\t<\/span>\n\t\t\t\t\t<\/a>\n\t\t\t\t\t\t\t\t<\/div>\n\t\t\t\t\t<\/div>\n\t\t\t\t<\/div>\n\t\t\t\t<\/div>\n\t\t","protected":false},"excerpt":{"rendered":"<p>ORZO PRZECHODZISZ DO MENUZAWIERAJ\u0104CEGO PRODUKTYDOST\u0118PNE DLA OS\u00d3BPE\u0141NOLETNICH. POTWIERD\u0179, \u017bE MASZ 18 LAT: TAK NIE<\/p>\n","protected":false},"author":1,"featured_media":0,"parent":0,"menu_order":0,"comment_status":"closed","ping_status":"closed","template":"","meta":{"footnotes":""},"class_list":["post-177","page","type-page","status-publish","hentry"],"yoast_head":"<!-- This site is optimized with the Yoast SEO plugin v25.6 - https:\/\/yoast.com\/wordpress\/plugins\/seo\/ -->\n<title>ORZO KONESER WER WIEKU PL -<\/title>\n<meta name=\"robots\" content=\"index, follow, max-snippet:-1, max-image-preview:large, max-video-preview:-1\" \/>\n<link rel=\"canonical\" href=\"https:\/\/menu.orzo.pl\/?page_id=177\" \/>\n<meta property=\"og:locale\" content=\"pl_PL\" \/>\n<meta property=\"og:type\" content=\"article\" \/>\n<meta property=\"og:title\" content=\"ORZO KONESER WER WIEKU PL -\" \/>\n<meta property=\"og:description\" content=\"ORZO PRZECHODZISZ DO MENUZAWIERAJ\u0104CEGO PRODUKTYDOST\u0118PNE DLA OS\u00d3BPE\u0141NOLETNICH. POTWIERD\u0179, \u017bE MASZ 18 LAT: TAK NIE\" \/>\n<meta property=\"og:url\" content=\"https:\/\/menu.orzo.pl\/?page_id=177\" \/>\n<meta property=\"article:modified_time\" content=\"2026-04-03T14:21:48+00:00\" \/>\n<meta name=\"twitter:card\" content=\"summary_large_image\" \/>\n<meta name=\"twitter:label1\" content=\"Szacowany czas czytania\" \/>\n\t<meta name=\"twitter:data1\" content=\"1 minuta\" \/>\n<script type=\"application\/ld+json\" class=\"yoast-schema-graph\">{\"@context\":\"https:\/\/schema.org\",\"@graph\":[{\"@type\":\"WebPage\",\"@id\":\"https:\/\/menu.orzo.pl\/?page_id=177\",\"url\":\"https:\/\/menu.orzo.pl\/?page_id=177\",\"name\":\"ORZO KONESER WER WIEKU PL -\",\"isPartOf\":{\"@id\":\"https:\/\/menu.orzo.pl\/#website\"},\"datePublished\":\"2025-07-26T14:34:23+00:00\",\"dateModified\":\"2026-04-03T14:21:48+00:00\",\"breadcrumb\":{\"@id\":\"https:\/\/menu.orzo.pl\/?page_id=177#breadcrumb\"},\"inLanguage\":\"pl-PL\",\"potentialAction\":[{\"@type\":\"ReadAction\",\"target\":[\"https:\/\/menu.orzo.pl\/?page_id=177\"]}]},{\"@type\":\"BreadcrumbList\",\"@id\":\"https:\/\/menu.orzo.pl\/?page_id=177#breadcrumb\",\"itemListElement\":[{\"@type\":\"ListItem\",\"position\":1,\"name\":\"Home\",\"item\":\"https:\/\/menu.orzo.pl\/\"},{\"@type\":\"ListItem\",\"position\":2,\"name\":\"ORZO KONESER WER WIEKU PL\"}]},{\"@type\":\"WebSite\",\"@id\":\"https:\/\/menu.orzo.pl\/#website\",\"url\":\"https:\/\/menu.orzo.pl\/\",\"name\":\"\",\"description\":\"\",\"potentialAction\":[{\"@type\":\"SearchAction\",\"target\":{\"@type\":\"EntryPoint\",\"urlTemplate\":\"https:\/\/menu.orzo.pl\/?s={search_term_string}\"},\"query-input\":{\"@type\":\"PropertyValueSpecification\",\"valueRequired\":true,\"valueName\":\"search_term_string\"}}],\"inLanguage\":\"pl-PL\"}]}<\/script>\n<!-- \/ Yoast SEO plugin. -->","yoast_head_json":{"title":"ORZO KONESER WER WIEKU PL -","robots":{"index":"index","follow":"follow","max-snippet":"max-snippet:-1","max-image-preview":"max-image-preview:large","max-video-preview":"max-video-preview:-1"},"canonical":"https:\/\/menu.orzo.pl\/?page_id=177","og_locale":"pl_PL","og_type":"article","og_title":"ORZO KONESER WER WIEKU PL -","og_description":"ORZO PRZECHODZISZ DO MENUZAWIERAJ\u0104CEGO PRODUKTYDOST\u0118PNE DLA OS\u00d3BPE\u0141NOLETNICH. POTWIERD\u0179, \u017bE MASZ 18 LAT: TAK NIE","og_url":"https:\/\/menu.orzo.pl\/?page_id=177","article_modified_time":"2026-04-03T14:21:48+00:00","twitter_card":"summary_large_image","twitter_misc":{"Szacowany czas czytania":"1 minuta"},"schema":{"@context":"https:\/\/schema.org","@graph":[{"@type":"WebPage","@id":"https:\/\/menu.orzo.pl\/?page_id=177","url":"https:\/\/menu.orzo.pl\/?page_id=177","name":"ORZO KONESER WER WIEKU PL -","isPartOf":{"@id":"https:\/\/menu.orzo.pl\/#website"},"datePublished":"2025-07-26T14:34:23+00:00","dateModified":"2026-04-03T14:21:48+00:00","breadcrumb":{"@id":"https:\/\/menu.orzo.pl\/?page_id=177#breadcrumb"},"inLanguage":"pl-PL","potentialAction":[{"@type":"ReadAction","target":["https:\/\/menu.orzo.pl\/?page_id=177"]}]},{"@type":"BreadcrumbList","@id":"https:\/\/menu.orzo.pl\/?page_id=177#breadcrumb","itemListElement":[{"@type":"ListItem","position":1,"name":"Home","item":"https:\/\/menu.orzo.pl\/"},{"@type":"ListItem","position":2,"name":"ORZO KONESER WER WIEKU PL"}]},{"@type":"WebSite","@id":"https:\/\/menu.orzo.pl\/#website","url":"https:\/\/menu.orzo.pl\/","name":"","description":"","potentialAction":[{"@type":"SearchAction","target":{"@type":"EntryPoint","urlTemplate":"https:\/\/menu.orzo.pl\/?s={search_term_string}"},"query-input":{"@type":"PropertyValueSpecification","valueRequired":true,"valueName":"search_term_string"}}],"inLanguage":"pl-PL"}]}},"_links":{"self":[{"href":"https:\/\/menu.orzo.pl\/index.php?rest_route=\/wp\/v2\/pages\/177","targetHints":{"allow":["GET"]}}],"collection":[{"href":"https:\/\/menu.orzo.pl\/index.php?rest_route=\/wp\/v2\/pages"}],"about":[{"href":"https:\/\/menu.orzo.pl\/index.php?rest_route=\/wp\/v2\/types\/page"}],"author":[{"embeddable":true,"href":"https:\/\/menu.orzo.pl\/index.php?rest_route=\/wp\/v2\/users\/1"}],"replies":[{"embeddable":true,"href":"https:\/\/menu.orzo.pl\/index.php?rest_route=%2Fwp%2Fv2%2Fcomments&post=177"}],"version-history":[{"count":16,"href":"https:\/\/menu.orzo.pl\/index.php?rest_route=\/wp\/v2\/pages\/177\/revisions"}],"predecessor-version":[{"id":2959,"href":"https:\/\/menu.orzo.pl\/index.php?rest_route=\/wp\/v2\/pages\/177\/revisions\/2959"}],"wp:attachment":[{"href":"https:\/\/menu.orzo.pl\/index.php?rest_route=%2Fwp%2Fv2%2Fmedia&parent=177"}],"curies":[{"name":"wp","href":"https:\/\/api.w.org\/{rel}","templated":true}]}}